{"id":323,"date":"2024-05-14T13:14:22","date_gmt":"2024-05-14T13:14:22","guid":{"rendered":"http:\/\/yalovaorganik.com\/?post_type=product&#038;p=323"},"modified":"2025-10-08T11:36:40","modified_gmt":"2025-10-08T11:36:40","slug":"pavlonya-cin-kavak-2023-ekimi","status":"publish","type":"product","link":"http:\/\/yalovaorganik.com\/index.php\/urun\/pavlonya-cin-kavak-2023-ekimi\/","title":{"rendered":"pavlonya \u00e7in kavak 2023 ekimi"},"content":{"rendered":"<p>\u00dcr\u00fcnler 2 ya\u015f\u0131nda sakks\u0131l\u0131 \u015fekidedir.<\/p>\n<p>PAVLONYA A\u011eACI<\/p>\n<p>Paulownia \u00c7inde do\u011fal yay\u0131lma alanlar\u0131 bulunan, \u00e7ok h\u0131zl\u0131 b\u00fcy\u00fcyen, i\u00e7inde \u00fclkemizin de bulundu\u011fu Kuzey Yar\u0131k\u00fcrede yakla\u015f\u0131k 24 milyon dekar arazide ara tar\u0131mda, peyzajda, sanayi ormanlar\u0131 ve \u00f6zellikle kerestesi i\u00e7in yeti\u015ftiricili\u011fi yap\u0131lan bir a\u011fa\u00e7t\u0131r. Ortalama \u00f6mr\u00fc 70 y\u0131l olup, uygun \u015fartlar sa\u011fland\u0131\u011f\u0131nda 5-7 y\u0131lda kesime gelebilmekte ancak en ekonomik kesim zaman\u0131 10. y\u0131ld\u0131r. Kesimi yap\u0131lan a\u011fa\u00e7da ertesi y\u0131l kesim yerinden tekrar s\u00fcrmekte ve tek s\u00fcrg\u00fcn b\u0131rak\u0131ld\u0131\u011f\u0131nda haz\u0131r k\u00f6k sistemi sayesinde h\u0131zla geli\u015fip daha \u00e7abuk kesime gelebilmektedir.Burada dikkat edilecek nokta kesim yap\u0131l\u0131rken toprak seviyesinden yap\u0131l\u0131p a\u00e7\u0131lan yaran\u0131n toprakla kapat\u0131lmas\u0131d\u0131r. Dolay\u0131s\u0131yla bir kere plantasyon dikimi yap\u0131ld\u0131ktan sonra ayn\u0131 bitkilerden 60-70 y\u0131l kadar verim elde edilebilmektedir. Paulownia \u00fclkemizde k\u0131\u015f\u0131 \u00e7ok sert ge\u00e7en karasal iklimin hakim oldu\u011fu yerler hari\u00e7, hemen hemen her yerde, genellikle kavak yeti\u015fen yerlerde yeti\u015ftirilebilmektedir. Paulownia tomentosa -25 C, P.elongata -18 C, P.fortunei ve P.catalpafolia ise -10 C ye kadar olan uzun s\u00fcreli k\u0131\u015f soguklar\u0131na g\u00f6vde dayan\u0131m\u0131 olup g\u00fcnl\u00fck ortalama s\u0131cakl\u0131k +8 C oldu\u011funda paulowniada geli\u015fme ba\u015flar ve 24-29 C de en iyi geli\u015fme g\u00f6r\u00fcl\u00fcr. Paulownia bol \u0131\u015f\u0131kl\u0131, g\u00fcne\u015fli yerleri sever. Fidanlar uzun s\u00fcre g\u00f6lgede kal\u0131rlarsa \u00f6lebilirler. Ya\u011f\u0131\u015f\u0131n d\u00fczenli oldu\u011fu yerlerde 500-2000 mm ya\u011f\u0131\u015f alan alanlarda fidan d\u00f6nemi d\u0131\u015f\u0131nda genellikle sulamaya gerek yoktur. Kuvvetli r\u00fczgar alan yerlerde \u00f6zellikle gen\u00e7 a\u011fa\u00e7lar ve fidanlar zararlanabilirler. B\u00f6yle b\u00f6lgelerde 2 y\u0131l \u00f6nceden hakim r\u00fczgar y\u00f6n\u00fcndeki s\u0131ralar aras\u0131 dar tutularak dikim yap\u0131l\u0131r ve yan dallar al\u0131nmayarak do\u011fal olarak paulownialardan r\u00fczgar perdesi olu\u015fturulduktan sonra di\u011fer s\u0131ralar dikilir veya kuvvetli r\u00fczgarl\u0131 yerlerde ya r\u00fczgar k\u0131ranlar tesis edilmeli daha sonra Paulownia dikilmeli veya tesisten vazge\u00e7ilmelidir. Paulownia a\u011fac\u0131 fazla toprak se\u00e7icili\u011fi olmamakla beraber derin, gev\u015fek yap\u0131l\u0131, hafif killi, kumlu, ge\u00e7irgen topraklardan ho\u015flan\u0131r. Bitki besin maddesince fakir olan topraklara dayan\u0131kl\u0131 olmakla birlikte, zengin topraklarda \u00e7ok daha iyi geli\u015fir. Toprakta taban suyu seviyesi en y\u00fcksek oldu\u011fu d\u00f6nemde 1.5 m den yukar\u0131da olmamal\u0131d\u0131r. Bitkinin dinlenmede oldu\u011fu k\u0131\u015f aylar\u0131nda ve geli\u015fme ba\u015flang\u0131c\u0131ndaki ilkbahar\u0131n ilk aylar\u0131nda uzun s\u00fcreli toprak \u00fcst\u00fcndeki su g\u00f6llenmesi k\u00f6klerin bo\u011fulmas\u0131na neden olabilir. Toprak pH s\u0131 en uygun 6-8 aras\u0131nda olmal\u0131d\u0131r. Paulownia fidan\u0131 dikimi yap\u0131lacak arazi \u00f6ncelikle tesviye yap\u0131ld\u0131ktan sonra sulama d\u00fczeni olu\u015fturulup dip kazanla topra\u011f\u0131n alt katmanlar\u0131ndaki pulluk katman\u0131n\u0131n (taban ta\u015f\u0131) patlat\u0131lmas\u0131 ve gev\u015fetilmesi tavsiye edilir. Dikimde fidan \u00e7ukuru en az 80-100 cm derinlik ve 50-60 cm \u00e7ap\u0131nda a\u00e7\u0131larak alt k\u0131s\u0131mdan \u00e7\u0131kan toprak ve \u00fcst k\u0131s\u0131mdan \u00e7\u0131kan toprak ayr\u0131 ayr\u0131 y\u0131\u011f\u0131larak topra\u011f\u0131n yap\u0131s\u0131na g\u00f6re organik g\u00fcbreyle (yanm\u0131\u015f \u00e7iftlik g\u00fcbresi) en az 1\/6, en \u00e7ok 1\/3 oran\u0131nda kar\u0131\u015ft\u0131r\u0131l\u0131p \u00fcstten \u00e7\u0131kan toprak alta alttan \u00e7\u0131kan toprak \u00fcste gelecek \u015fekilde dolgu yap\u0131l\u0131p fidan olu\u015fturulacak geni\u015f \u00e7ana\u011f\u0131n ortas\u0131na t\u00fcpten \u00e7\u0131kar\u0131larak yerle\u015ftirilir ve cansuyu verilir. Paulownia dikimleri y\u0131l boyu yap\u0131labilme imkan\u0131na sahiptir. Sera ortamlar\u0131nda geli\u015fmeye ba\u015flam\u0131\u015f fidelerin dikimi ilkbaharda son donlar bittikten sonra ba\u015flar ve sonbahar ortalar\u0131na kadar devam eder. Ancak Akdeniz B\u00f6lgesi gibi s\u0131cak b\u00f6lgelerde yaz aylar\u0131nda fazla s\u0131cakl\u0131k nedeniyle dikimler fideler topluca a\u00e7\u0131k hava ve g\u00fcne\u015fe al\u0131\u015ft\u0131rma i\u015flemlerinden sonra arazide yerlerine dikilmelidir. \u00dclkemizde k\u0131\u015f aylar\u0131nda arazide \u00e7al\u0131\u015fmaya uygun zamanlarda k\u0131\u015fl\u0131k fide ve fidan dikimi yap\u0131labilir. K\u0131\u015f\u0131n dikimi yap\u0131lan fideler dinlenme d\u00f6neminde olduklar\u0131ndan a\u00e7\u0131k arazide ilkbaharda uygun iklim \u015fartlar\u0131n\u0131 yakalad\u0131klar\u0131nda geli\u015fmeye ba\u015flarlar. Fide veya fidanlar t\u00fcpl\u00fc oldu\u011fu gibi \u00e7\u0131plak k\u00f6kl\u00fc fidan dikimide yap\u0131labilmektedir. Ancak \u00e7\u0131plak k\u00f6kl\u00fc fidanlarda s\u00f6k\u00fcm, nakliye ve dikim a\u015famalar\u0131nda k\u00f6klerin iyi muhafaza edilmesi gerekir. Paulownia dikimlerinde s\u0131ra aras\u0131 ve s\u0131ra \u00fczeri mesafeler yeti\u015ftirme gayesine g\u00f6re de\u011fi\u015febilmektedir. Paulownia ara tar\u0131mda kullan\u0131lacaksa s\u0131ra \u00fczeri mesafeler 3-4 m, s\u0131ralar aras\u0131 mesafeler yap\u0131lacak olan tar\u0131msal faliyete g\u00f6re de\u011fi\u015fmekte 10-20 m aras\u0131nda olabilmektedir. S\u0131cak b\u00f6lgelerde dekara 100, nemli ve ya\u011f\u0131\u015fl\u0131 b\u00f6lgelerde 64-84 adet fidan dikilebilir. S\u0131k dikimlerde rekabet halinde d\u00fczg\u00fcn g\u00f6vde olu\u015fturarak boylanma yaparlar, seyrek dikimlerde yandallar iyi geli\u015fti\u011finden geni\u015f ta\u00e7 olu\u015ftururlar. 5-7 y\u0131ll\u0131k bir yeti\u015ftiricilikten sonra kesim yap\u0131lacaksa 4&#215;2,5 m, arazi \u00e7evresine \u00e7evre dikimleri yap\u0131lacaksa fidanlar aras\u0131 mesafe 1-1,5 m ye kadar d\u00fc\u015febilmekte, sunta veya ka\u011f\u0131t sanayine y\u00f6nelik bir yeti\u015ftiricilikle her y\u0131l yada iki y\u0131lda bir kesim yap\u0131lacaksa 2&#215;2 m veya 2&#215;1 m aral\u0131k ve mesafe ile kapama dikim yap\u0131lmal\u0131d\u0131r. Paulownia \u00f6zellikle fidan d\u00f6neminde kesinlikle su stresi ya\u015famamal\u0131d\u0131r.Paulownia suyu seven bir bitkidir. Solma olu\u015ftu\u011funda k\u00f6klerdeki su g\u00f6vde taraf\u0131ndan emilir ve k\u00f6klerde yap\u0131sal bozulmalar olu\u015fur. Bu olay fidan d\u00f6nemindeki paulownia kurtulsa bile bitkinin ileriki d\u00f6nemlerinde geli\u015fimini k\u00f6t\u00fc y\u00f6nde etkiler. Bu nedenle toprak yap\u0131s\u0131na g\u00f6re sulama periyodik olarak yap\u0131lmal\u0131d\u0131r.Toprak nemi \u00e7ok d\u00fc\u015f\u00fck veya \u00e7ok y\u00fcksek olmamal\u0131d\u0131r. Bitki susuz b\u0131rak\u0131lmamal\u0131 ancak her g\u00fcn ve \u00e7ok fazla su verilirse k\u00f6kler bo\u011fulur ve bitki \u00f6l\u00fcr. Toprak devaml\u0131 nemli bulundurulur. Genellikle kumsal topraklarda ve s\u0131cak havalarda haftada bir sulama yap\u0131lmas\u0131 uygundur, anacak fidan d\u00f6neminde k\u00f6kleri yeterince derinli\u011fe ula\u015fana kadar haftada iki defa sulanmas\u0131 tavsiye edilir. Tavsiye edilen sulama \u015fekli salma sulama olup sulama fidanlar\u0131n etraf\u0131na yap\u0131lan \u00e7anaklara, biraz geli\u015fmi\u015f a\u011fa\u00e7larda ise kar\u0131k usulu ile yap\u0131l\u0131r. K\u00f6kleri olduk\u00e7a derine indi\u011finden ilk 2 y\u0131ldan sonra genellikle yeterli yag\u0131\u015f alan b\u00f6lgelerde sulamaya gerek kalmaz, ancak bitkiler devaml\u0131 g\u00f6zlenir ve yapraklarda solma emaresi g\u00f6r\u00fcld\u00fc\u011f\u00fc taktirde hemen sulama yap\u0131l\u0131r. Paulownia \u00e7ok h\u0131zl\u0131 b\u00fcy\u00fcyen ve \u00f6zellikle gen\u00e7 d\u00f6nemde geni\u015f yapraklara sahip bir bitki oldu\u011fundan y\u00fcksek azota ihtiya\u00e7 g\u00f6sterir. Paulownia fideleri kimyevi g\u00fcbrelerin h\u0131zl\u0131 etkilerine kar\u015f\u0131 \u00e7ok hassast\u0131r. Dikimle birlikte verilen organik g\u00fcbre ( yanm\u0131\u015f \u00e7iftlik g\u00fcbresi ) genelde ilk y\u0131l geli\u015fimi i\u00e7in gerekli bitki besin elementi ihtiyac\u0131n\u0131 kar\u015f\u0131lamaktad\u0131r. Bu uygulama \u00f6zellikle fide dikimlerinde fidelerin kimyevi g\u00fcbrelerin olumsuz etkilerinden korumu\u015f olmaktad\u0131r. Dikimden 1-2 y\u0131l sonra ilkbahar aylar\u0131nda genellikle azotlu g\u00fcbrelerle g\u00fcbreleme her y\u0131l periyodik olarak yap\u0131lmas\u0131 tavsiye edilir. Kompoze g\u00fcbrelerle g\u00fcbrelemede genellikle bitkilerin geli\u015fimine ve g\u00f6sterdikleri semptomlara g\u00f6re yap\u0131lmas\u0131 tavsiye edilmekle beraber en uygunu toprak tahlil sonucuna g\u00f6re uygulama yapmak en uygun olan\u0131d\u0131r. Fide veya Fidanlar dikildikten sonra olduk\u00e7a h\u0131zl\u0131 otsu bir b\u00fcy\u00fcme g\u00f6sterirler. \u0130lk y\u0131l dikim zaman\u0131na, sa\u011flanan uygun \u015fartlara ve b\u00f6lge iklimine de ba\u011fl\u0131 olarak 4-7 m boylanma yapabilir. 2 m alt\u0131nda boylanma yapan fidanlar toprak seviyesinden ertesi y\u0131l mart ay\u0131nda budanarak s\u00fcrg\u00fcn teklemesi ile yeniden boylanmas\u0131 sa\u011flan\u0131r. B\u00f6ylelikle k\u0131\u015fa girerken sa\u011flam bir g\u00f6vde, d\u00fczg\u00fcn budaks\u0131z bir dip tomru\u011fu i\u00e7in avantaj sa\u011flan\u0131r. \u0130yi bir boylanma yapan fidan ertesi mart ay\u0131nda tepedeki odunla\u015fmam\u0131\u015f ve genellikle k\u0131\u015f so\u011fuklar\u0131ndan kurumu\u015f olan 20-30 cm lik k\u0131s\u0131m kar\u015f\u0131l\u0131kl\u0131 duran sa\u011flam g\u00f6zlerden kuzeye bakan yada hakim r\u00fczgar y\u00f6n\u00fcndeki b\u0131rak\u0131larak kar\u015f\u0131daki s\u00fcrg\u00fcn g\u00f6z\u00fc \u00e7aprazlama kesilerek tepe budamas\u0131 yap\u0131l\u0131r. B\u00f6ylece tek s\u00fcrg\u00fcn \u00fczerinden yeniden boylanmas\u0131 sa\u011flan\u0131r. Bu uygulama genellikle bir-iki defa yap\u0131ld\u0131ktan sonra a\u011fac\u0131n kendi halinde ta\u00e7lanmas\u0131 sa\u011flan\u0131r. B\u00fcy\u00fcme esnas\u0131nda yaprak koltuklar\u0131ndan \u00e7\u0131kan yan s\u00fcrg\u00fcnler bir ka\u00e7 santimetre olunca kopar\u0131lmal\u0131d\u0131r. Fidan d\u00f6neminde kesinlikle yapraklar kopar\u0131lmamal\u0131d\u0131r. Yazl\u0131k fide dikimlerinde genellikle istenilen boylanma sa\u011flanamaz. Ancak fideler yerinde k\u00f6k geli\u015fimini tamamlad\u0131\u011f\u0131ndan tavsiye edilen dikim \u015feklidir. Yazl\u0131k fide dikiminde istenilen boylanmay\u0131 yapamayan fidanlar ertesi y\u0131l erken ilkbaharda toprak seviyesinden kesilir. Bitkide dipten yeni s\u00fcrg\u00fcnler gelir. Bunlardan en kuvvetlisi b\u0131rak\u0131l\u0131r, di\u011ferleri kopar\u0131l\u0131r. B\u0131rak\u0131lan s\u00fcrg\u00fcn \u00e7ok h\u0131zl\u0131 b\u00fcy\u00fcr ve y\u0131l sonunda 7 m boya kadar \u00e7\u0131kabilir. Bu bitki \u00fczerinde 75-80 cm boyunda yapraklar meydana gelir ve bunlar\u0131n koltuklar\u0131nda tekrar s\u00fcrg\u00fcnler g\u00f6r\u00fcl\u00fcr. Bu s\u00fcrg\u00fcnler de d\u00fczenli olarak kopar\u0131lmal\u0131d\u0131r. Ancak yapraklar kopar\u0131lmaz ve zararlanmamalar\u0131na dikkat edilir. Bu yapraklar zararlan\u0131rsa veya kopar\u0131l\u0131rsa b\u00fcy\u00fcme yava\u015flar. \u0130kinci y\u0131l bitkinin bu h\u0131zl\u0131 b\u00fcy\u00fct\u00fclmesi \u00e7ok \u00f6nemlidir. \u00c7\u00fcnk\u00fc a\u011fac\u0131n en kaliteli kerestesini bu k\u0131s\u0131m olu\u015fturacakt\u0131r. So\u011fuklarla birlikte bitki dinlenmeye girmekte ve yapraklar d\u00f6k\u00fclmektedir. K\u0131\u015f aylar\u0131nda en tepedeki 15-20 cm lik k\u0131s\u0131m kuruyabilir. Bundan endi\u015fe etmemek gerekir. \u00c7\u00fcnk\u00fc ertesi y\u0131l ilkbaharda havalar\u0131n \u0131s\u0131nmas\u0131 ile birlikte, bu kuruyan k\u0131sm\u0131n alt\u0131nda en \u00fcstteki g\u00f6z s\u00fcrmekte ve ileride bu k\u0131s\u0131mdaki kerestede \u00f6nemsiz bir halka meydana gelmektedir. G\u00f6vde de \u00e7atallanmay\u0131 \u00f6nlemek i\u00e7in tepe budamas\u0131 yap\u0131lmal\u0131d\u0131r. Paulownian\u0131n fazla zararl\u0131s\u0131na rastlanmamakla birlikte, baz\u0131 t\u0131rt\u0131llar, \u00e7ekirge ve sinekler yapraklar\u0131n\u0131 ve tepedeki b\u00fcy\u00fcme noktas\u0131n\u0131 yiyebilmekte bu da b\u00fcy\u00fcmenin yava\u015flamas\u0131na neden olmaktad\u0131r. Sistemik insektisitler ile ila\u00e7lama yap\u0131l\u0131r. Toprak alt\u0131 zararl\u0131lar\u0131 paulownian\u0131n k\u00f6klerini \u00e7ok severler. \u00d6zellikle fide d\u00f6neminde halk aras\u0131nda lokma kurdu denilen larvalar k\u00f6kleri en alttan k\u00f6k bo\u011faz\u0131na kadar yiyerek bitkiyi \u00f6ld\u00fcrebilir. Ayr\u0131ca danaburnu da fide d\u00f6neminde k\u00f6k ve k\u00f6k bo\u011faz\u0131n\u0131 keserek zarar yapabilmektedir. Bu durumda k\u00f6k b\u00f6lgesinde toprak alt\u0131 ila\u00e7lama yap\u0131lmal\u0131d\u0131r.<\/p>\n","protected":false},"excerpt":{"rendered":"<p>\u00dcr\u00fcnler 2 ya\u015f\u0131nda sakks\u0131l\u0131 \u015fekidedir. PAVLONYA A\u011eACI Paulownia \u00c7inde do\u011fal yay\u0131lma alanlar\u0131 bulunan, \u00e7ok h\u0131zl\u0131 b\u00fcy\u00fcyen, i\u00e7inde \u00fclkemizin de bulundu\u011fu&hellip;<\/p>\n","protected":false},"featured_media":962,"comment_status":"open","ping_status":"closed","template":"","meta":[],"_links":{"self":[{"href":"http:\/\/yalovaorganik.com\/index.php\/wp-json\/wp\/v2\/product\/323"}],"collection":[{"href":"http:\/\/yalovaorganik.com\/index.php\/wp-json\/wp\/v2\/product"}],"about":[{"href":"http:\/\/yalovaorganik.com\/index.php\/wp-json\/wp\/v2\/types\/product"}],"replies":[{"embeddable":true,"href":"http:\/\/yalovaorganik.com\/index.php\/wp-json\/wp\/v2\/comments?post=323"}],"wp:featuredmedia":[{"embeddable":true,"href":"http:\/\/yalovaorganik.com\/index.php\/wp-json\/wp\/v2\/media\/962"}],"wp:attachment":[{"href":"http:\/\/yalovaorganik.com\/index.php\/wp-json\/wp\/v2\/media?parent=323"}],"curies":[{"name":"wp","href":"https:\/\/api.w.org\/{rel}","templated":true}]}}