{"id":306,"date":"2020-02-27T11:19:39","date_gmt":"2020-02-27T11:19:39","guid":{"rendered":"http:\/\/yalovaorganik.com\/?post_type=product&#038;p=306"},"modified":"2025-10-08T11:37:08","modified_gmt":"2025-10-08T11:37:08","slug":"sikas-cycas","status":"publish","type":"product","link":"http:\/\/yalovaorganik.com\/index.php\/urun\/sikas-cycas\/","title":{"rendered":"Sikas (Cycas)"},"content":{"rendered":"<p>Uzun ve testereye benzeyen yapraklar\u0131 ile fazla geli\u015fmeyen fakat g\u00fczel g\u00f6r\u00fcnen bitkidir.<\/p>\n<p>Sikas (Cycas)\u00a0<strong>bitkisinin yeti\u015ftirilmesi, bak\u0131m\u0131 ve sulanmas\u0131:<\/strong><\/p>\n<p><strong>*Do\u011frudan g\u00fcne\u015f \u0131\u015f\u0131\u011f\u0131 istemeyen bu bitki dolayl\u0131 \u0131\u015f\u0131klardan da yararlanabilir.<\/strong><\/p>\n<p>*\u00c7ok fazla so\u011fuk ve s\u0131cak havada b\u0131rakma \u00e7i\u00e7e\u011fin yapraklar\u0131na fayda sa\u011flamaz.<\/p>\n<p>*Hava ak\u0131mlar\u0131ndan kolay etkilenen sikas bitkisi bu etkiden korunmal\u0131d\u0131r.<\/p>\n<p>*Her bitki gibi zamanla topraktaki vitamin ve mineralleri t\u00fcketen bitkiye y\u0131lda en az bir kere vitamin ve mineral deste\u011fi sa\u011flanmal\u0131d\u0131r.<\/p>\n<p>*Sikas bitkisi bulundu\u011fu ortamda ba\u015fka cisimlerle temasta bulunmamal\u0131d\u0131r.<\/p>\n<p>Sulamada en \u00f6nemli unsurlar;<\/p>\n<p>-K\u0131\u015f aylar\u0131nda bitki a\u015f\u0131r\u0131 so\u011fuktan korunarak susuz b\u0131rak\u0131lmamas\u0131na dikkat edilmelidir.<\/p>\n<p>-Yaz aylar\u0131nda ise bitkinin suya olan ihtiyac\u0131n\u0131 tamamen gidermek i\u00e7in haftada en az iki kere sulanmal\u0131d\u0131r.<\/p>\n","protected":false},"excerpt":{"rendered":"<p>Sikas (Cycas)<\/p>\n<p><strong>*Sikas\u0131n \u00e7o\u011falt\u0131lmas\u0131 bitkinin k\u00f6klerinden ay\u0131rma y\u00f6ntemiyle olabilir.<\/strong><\/p>\n<p><strong>*Bitkinin k\u00f6k\u00fcnden \u00e7\u0131karak \u00fcst k\u0131s\u0131mlara uzanan ince k\u0131s\u0131mlar bitkiye benzeyen yeni bitkiler olu\u015fturur.<\/strong><\/p>\n<p><strong>*Bu yeni bitkileri al\u0131p ba\u015fka saks\u0131lara dikerek yeni sikaslar\u0131 olu\u015fturabiliriz.<\/strong><\/p>\n<p><strong>*Bu y\u00f6ntem hem kolay hem de zahmetsizdir.<\/strong><\/p>\n","protected":false},"featured_media":301,"comment_status":"open","ping_status":"closed","template":"","meta":[],"_links":{"self":[{"href":"http:\/\/yalovaorganik.com\/index.php\/wp-json\/wp\/v2\/product\/306"}],"collection":[{"href":"http:\/\/yalovaorganik.com\/index.php\/wp-json\/wp\/v2\/product"}],"about":[{"href":"http:\/\/yalovaorganik.com\/index.php\/wp-json\/wp\/v2\/types\/product"}],"replies":[{"embeddable":true,"href":"http:\/\/yalovaorganik.com\/index.php\/wp-json\/wp\/v2\/comments?post=306"}],"wp:featuredmedia":[{"embeddable":true,"href":"http:\/\/yalovaorganik.com\/index.php\/wp-json\/wp\/v2\/media\/301"}],"wp:attachment":[{"href":"http:\/\/yalovaorganik.com\/index.php\/wp-json\/wp\/v2\/media?parent=306"}],"curies":[{"name":"wp","href":"https:\/\/api.w.org\/{rel}","templated":true}]}}