{"id":22,"date":"2019-04-18T11:08:43","date_gmt":"2019-04-18T11:08:43","guid":{"rendered":"https:\/\/envothemes.com\/envo-ecommerce\/product\/import-placeholder-for-59\/"},"modified":"2022-12-29T15:23:33","modified_gmt":"2022-12-29T15:23:33","slug":"arbequina-zeytin-fidani","status":"publish","type":"product","link":"http:\/\/yalovaorganik.com\/index.php\/urun\/arbequina-zeytin-fidani\/","title":{"rendered":"ARBEQUINA Zeytin Fidan\u0131"},"content":{"rendered":"<p>Arbequina Zeytini<br \/>\nArbequina Zeytini, \u0130spanya&#8217;n\u0131n kuzey do\u011fusunda Katalonya b\u00f6lgesinde bulunmu\u015ftur. Bug\u00fcn toplam 55.000 hektar\u0131n \u00fczerinde yeti\u015ftirilmektedir. Zeytinya\u011f\u0131n\u0131n kalitesi uluslararas\u0131 pazarda \u00e7ok de\u011ferlidir. Bug\u00fcn Fransa ve Arjantin&#8217;de de yay\u0131lm\u0131\u015ft\u0131r.\u00a0Arbequina Zeytin \u00e7e\u015fidi\u00a0Yurdumuza 2006 sezonunda yeni girmeye ba\u015flam\u0131\u015ft\u0131r.Arbequina&#8217;n\u0131n pop\u00fclerli\u011fi ya\u011f\u0131n\u0131n kalitesi ve tar\u0131m\u0131n\u0131n kolay yap\u0131labilmesi sayesindedir. Y\u00fcksek verimli ve erken verime yatabilen bir \u00e7e\u015fittir. Yo\u011fun dikime m\u00fcsade eder, k\u00f6t\u00fc toprak ko\u015fullar\u0131na kolayca adapte olur ve so\u011fu\u011fa dayan\u0131kl\u0131d\u0131r. Kendine verimlidir, peryodisite g\u00f6stermez ve meyvesi safha safha olgunla\u015f\u0131r.<\/p>\n<p>Arbequina&#8217;n\u0131n Katolonya&#8217;da IRTA taraf\u0131ndan klonal seleksiyonuna ba\u015flanm\u0131\u015ft\u0131r. Seleksiyonun \u0130lk safhas\u0131nda 109 adet dikkat \u00e7eken a\u011fa\u00e7 d\u00f6rt sene boyunca sahada takip edilmi\u015ftir. Bu d\u00f6rt senenin sonunda 15 a\u011fa\u00e7 y\u00fcksek ve d\u00fczenli verimi dikkate al\u0131narak se\u00e7ilmi\u015ftir. Klonlar\u0131n alt\u0131 sene boyunca de\u011fi\u015fik fidanl\u0131klardaki performans\u0131 istatistiki olarak takip edilerek 1998 senesinde IRTA i-18 ad\u0131 alt\u0131nda pazara sunulmu\u015ftur.<\/p>\n<p>Zeytinya\u011f\u0131nda ortalama (%71) oleik asit, (%11) linoleik asit vard\u0131r. D\u00fc\u015f\u00fck Polyfenois (Kafeik asitte 170ppm) miktar\u0131 vard\u0131r. Tad\u0131 meyvemsi ve tatl\u0131d\u0131r, badem, ye\u015fil muz ve domates aromas\u0131 bulunur.<\/p>\n<p>Y\u00fczy\u0131llard\u0131r zeytinya\u011f\u0131 end\u00fcstrisi geleneksel metodlarla \u00fcretim ve hasat yapm\u0131\u015ft\u0131r. Bug\u00fcn art\u0131k b\u00fcy\u00fck d\u00fc\u015f\u00fcnebilen giri\u015fimciler y\u00fcksek verimli, erken verime yatan, yo\u011fun dikimi yap\u0131labilen ve de makine ile hasat\u0131 yap\u0131labilen \u00e7e\u015fitleri ke\u015ffetmi\u015flerdir. B\u00f6ylelikle zeytin yeti\u015ftiricili\u011fi y\u00fcksek teknoloji ile tan\u0131\u015fm\u0131\u015ft\u0131r. \u00dclkemiz i\u00e7in yeni olan bu zeytincilik y\u00f6ntemi, uzun y\u0131llard\u0131r \u0130spanya, Italya, Arjantin, Avustralya gibi \u00f6nemli zeytin b\u00f6lgelerinde yap\u0131lmaktad\u0131r.Bu \u00e7e\u015fitle kurulan bah\u00e7elerde mant\u0131k, erken verime yatan a\u011fa\u00e7lar, verimli hasat ve esas \u00f6nemli unsur m\u00fckemmel kalitede bir zeytinya\u011f\u0131d\u0131r.<\/p>\n<ul>\n<li>G\u00f6nderilecek Fidan Ya\u015f\u0131:Aksi belirtilmedi\u011fi s\u00fcrece 2-3 aras\u0131ndad\u0131r.<\/li>\n<li>Fidan Durumu:T\u00fcpl\u00fc fidan olup torba veya saks\u0131 i\u00e7erisindedir.12 ay dikimi yap\u0131labilmektedir.<\/li>\n<li>Fidan G\u00f6nderimi:Orjinal fidan kolisinden g\u00f6nderim yap\u0131lmaktad\u0131r.<\/li>\n<li>Saks\u0131da Yeti\u015ftiricili\u011fe: Uygundur.<\/li>\n<li>Hasat Tarihi: Ekim ay\u0131 son \u00e7eyrek(Hasat tarihleri rak\u0131mlar aras\u0131 farkl\u0131l\u0131k g\u00f6sterebilir.)<\/li>\n<li>Hobi Ama\u00e7l\u0131 Fidan Dikim Rak\u0131m\u0131:0-700 rak\u0131ma kolayl\u0131kla dikimini yapabilirsiniz.<\/li>\n<li>Fidan dikim mesafesi:Tam bodur fidanlarda; fidanlar aras\u0131 2 metre s\u0131ra aras\u0131 4 metre olacak \u015fekilde dikim yapabilirsiniz.Fidan dikiminde fidan tutma y\u00fczdesi art\u0131ran \u00f6zel kar\u0131\u015f\u0131m\u00a0fidan dikim g\u00fcbresi\u00a0ve\u00a0fidan dikim destek \u00e7ubu\u011fu\u00a0kullanman\u0131z\u0131 tavsiye ederiz.<span id=\"contents_1\"><\/span><\/li>\n<li>Fidan Sulamas\u0131:Bulundu\u011fu konuma g\u00f6re 10-15 g\u00fcnde bir sulama yap\u0131lmal\u0131d\u0131r.<\/li>\n<li>Genel G\u00fcbreleme Bilgisi:K\u0131\u015f\u0131n azot a\u011f\u0131rl\u0131kl\u0131 g\u00fcbreleme, \u00e7i\u00e7ek d\u00f6neminde fosfor ve potasyum a\u011f\u0131rl\u0131kl\u0131 g\u00fcbreleme yapabilirsiniz.<\/li>\n<li>Tam Bodur Zeytin Fidan\u0131 Dikim Avantajlar\u0131:Tam bodur zeytin fidanlar\u0131nda dikim mesafesi daha dar oldu\u011fu i\u00e7in daha fazla \u00e7e\u015fit dikme \u015fans\u0131na sahip olursunuz.Ayr\u0131ca klasik ana\u00e7l\u0131 fidanlara g\u00f6re daha az ta\u00e7 hacmi olaca\u011f\u0131 i\u00e7in budama, ila\u00e7lama gibi maliyetleriniz daha az olacakt\u0131r.Tam bodur meyve fidanlar\u0131<\/li>\n<\/ul>\n","protected":false},"excerpt":{"rendered":"<p>Arbequina Zeytin \u00e7e\u015fidi\u00a0Yurdumuza 2006 sezonunda yeni girmeye ba\u015flam\u0131\u015ft\u0131r.Arbequina&#8217;n\u0131n pop\u00fclerli\u011fi ya\u011f\u0131n\u0131n kalitesi ve tar\u0131m\u0131n\u0131n kolay yap\u0131labilmesi sayesindedir. Y\u00fcksek verimli ve erken verime yatabilen bir \u00e7e\u015fittir.<\/p>\n","protected":false},"featured_media":243,"comment_status":"open","ping_status":"closed","template":"","meta":[],"_links":{"self":[{"href":"http:\/\/yalovaorganik.com\/index.php\/wp-json\/wp\/v2\/product\/22"}],"collection":[{"href":"http:\/\/yalovaorganik.com\/index.php\/wp-json\/wp\/v2\/product"}],"about":[{"href":"http:\/\/yalovaorganik.com\/index.php\/wp-json\/wp\/v2\/types\/product"}],"replies":[{"embeddable":true,"href":"http:\/\/yalovaorganik.com\/index.php\/wp-json\/wp\/v2\/comments?post=22"}],"wp:featuredmedia":[{"embeddable":true,"href":"http:\/\/yalovaorganik.com\/index.php\/wp-json\/wp\/v2\/media\/243"}],"wp:attachment":[{"href":"http:\/\/yalovaorganik.com\/index.php\/wp-json\/wp\/v2\/media?parent=22"}],"curies":[{"name":"wp","href":"https:\/\/api.w.org\/{rel}","templated":true}]}}