{"id":18,"date":"2019-04-18T11:08:43","date_gmt":"2019-04-18T11:08:43","guid":{"rendered":"https:\/\/envothemes.com\/envo-ecommerce\/product\/import-placeholder-for-48\/"},"modified":"2022-12-29T15:28:08","modified_gmt":"2022-12-29T15:28:08","slug":"hunnap-fidan","status":"publish","type":"product","link":"http:\/\/yalovaorganik.com\/index.php\/urun\/hunnap-fidan\/","title":{"rendered":"H\u00fcnnap\u00a0Fidan"},"content":{"rendered":"<div>H\u00fcnnap\u00a0Fidan \u00c7e\u015fidi \u00d6zellikleri<\/div>\n<div>Cehrigiller familyas\u0131na ait bir \u00fcr\u00fcn \u00e7e\u015fididir.\u0130lkbahar gelmesiyle birlikte sapsar\u0131 \u00e7i\u00e7ek a\u00e7ar. Erik b\u00fcy\u00fckl\u00fc\u011f\u00fcnde olup, d\u0131\u015f g\u00f6r\u00fcn\u00fc\u015f\u00fc ile olgunla\u015ft\u0131ktan sonra i\u011fde rengine b\u00fcr\u00fcn\u00fcr. \u00dclkelerde bu \u00fcr\u00fcn \u00e7ok fazla t\u00fcketilmektedir. Fazla zaman kaybetmeden bu \u00fcr\u00fcn bah\u00e7enizdeki en g\u00fczel yeri almas\u0131n\u0131 tavsiye ederiz.<\/div>\n<div>-Hasat Zaman\u0131:A\u011fustos-Eyl\u00fcl<\/div>\n<div>-Tavsiye Edilen Dikim Rak\u0131mlar\u0131:Her rak\u0131m<\/div>\n<div>\n<div><\/div>\n<p>-Fidan Dikim Aral\u0131klar\u0131:H\u00fcnnap fidanlar\u0131n\u0131 fidan aras\u0131 5 metre s\u0131ra aras\u0131 5 metre olacak \u015fekilde dikebilirsiniz.<br \/>\n-H\u00fcnnap Fidan\u0131 Geli\u015fimi:H\u0131zl\u0131<br \/>\n-T\u00fcpl\u00fc H\u00fcnnap Fidan\u0131 Ne Demektir? T\u00fcpl\u00fc H\u00fcnnap Fidan\u0131 fidan \u00fcretimi saks\u0131 veya fidan po\u015feti i\u00e7erisinde yap\u0131lm\u0131\u015f, d\u00f6rt mevsim boyunca dikimi yap\u0131labilen fidan demektir.<br \/>\n-H\u00fcnnap Fidan\u0131 G\u00f6nderimi Nas\u0131l Yap\u0131lmaktad\u0131r? \u00dcretim sahas\u0131 \u00fczerinden kargo b\u00f6l\u00fcm\u00fcne gelen H\u00fcnnap fidanlar\u0131na hemen fidan\u0131n ad\u0131 yaz\u0131lmakta ve sadece fidan g\u00f6nderimi i\u00e7in tasarlanan orijinal fidan kolilerinde faturas\u0131 ile beraber anla\u015fmal\u0131 olunan kargo \u015firketleri ile sevk edilmektedir.<br \/>\n-H\u00fcnnap Fidanlar\u0131 Mevsim Durumu:H\u00fcnnap fidanlar\u0131 k\u0131\u015f\u0131n yapraks\u0131z, sonbahara do\u011fru yapraklar\u0131 d\u00f6kmeye yak\u0131n di\u011fer mevsimlerde ise yaprakl\u0131 olarak gelmektedir.<br \/>\n-H\u00fcnnap Fidan\u0131m Geldi Ne Yapmal\u0131y\u0131m:Size gelen H\u00fcnnap Fidan\u0131n\u0131z\u0131 kolisi i\u00e7erisinde \u00e7\u0131kart\u0131n\u0131z ve hafif sulay\u0131n\u0131z.G\u00f6lge, yar\u0131 g\u00f6lge veya g\u00f6lge\u00a0 bir toprak zemine koyunuz.Diledi\u011finiz zaman dikimini yapabilirsiniz.Fidan dikimini ilerleyen haftalarda yapmak zorunda kal\u0131rsan\u0131z sulamay\u0131 ihmal etmeyiniz.<br \/>\n-H\u00fcnnap Fidan\u0131\u00a0 Dikim Yerleri:Saks\u0131da, bah\u00e7e , duvar kenar\u0131<br \/>\n-Saks\u0131da Yeti\u015ftiricili\u011fi:Yap\u0131labilir.Asgari 20-30 litrelik bir saks\u0131 gerekir.\u0130\u00e7 mekan i\u00e7erisinde H\u00fcnnap yeti\u015ftiricili\u011fi yapmak istiyorsan\u0131z k\u0131\u015f\u0131n a\u011fac\u0131n\u0131z\u0131n meyve vermesi i\u00e7in gereken so\u011fuklama s\u00fcresini almas\u0131 i\u00e7in en az 2-3 ay d\u0131\u015far\u0131da olmas\u0131 gerekir.Daha sonra i\u00e7 mekana alabilirsiniz.\u0130\u00e7me mekan i\u00e7erisinde ise \u00e7i\u00e7eklerin meyveye d\u00f6n\u00fc\u015febilmesi i\u00e7in olabilmesi i\u00e7 mekan i\u00e7erisinde hava s\u0131cakl\u0131\u011f\u0131n\u0131n 25 derece \u00fczerine \u00e7\u0131kmamas\u0131 gerekir.<br \/>\n-H\u00fcnnap Fidanlar\u0131 Nas\u0131l \u00dcretilmektedir?Doku k\u00fclt\u00fcr\u00fc ve k\u00f6k ay\u0131rma y\u00f6ntemi ile \u00fcretilmektedir.Dolay\u0131s\u0131 ile H\u00fcnnap fidanlar\u0131nda a\u015f\u0131 noktas\u0131 yoktur.<br \/>\n-H\u00fcnnap Fidanlar\u0131 Ne Zaman Meyve Verir?Dikildikten 1 y\u0131l sonra meyve vermeye ba\u015flayacakt\u0131r.<br \/>\n-H\u00fcnnap Fidan\u0131 Nas\u0131l Dikilir?Fidan dikimi i\u00e7in mutlaka r\u00fczgars\u0131z ve g\u00fcne\u015fin en az oldu\u011fu sabaha veya ikindin vakitleri se\u00e7meniz daha iyi olacakt\u0131r.Fidan \u00e7ukurunuzu derinli\u011fi 30-40 cm olacak\u00a0 \u015fekilde a\u00e7\u0131n\u0131z.<\/p>\n<\/div>\n<div>Saks\u0131 veya po\u015fet d\u0131\u015f\u0131na \u00e7\u0131kan k\u00f6kler varsa k\u00f6k budamas\u0131n\u0131 yap\u0131n\u0131z.H\u00fcnnap fidanlar\u0131n\u0131z\u0131 saks\u0131\u00a0 veya fidan po\u015feti i\u00e7erisinden k\u00f6kleri da\u011f\u0131lmayacak \u015fekilde \u00e7\u0131kart\u0131n\u0131z ve dik bir \u015fekilde fidan \u00e7ukuruna yerle\u015ftiriniz.Fidan \u00e7ukurunu toprakla doldurunuz ve 1 kova can suyu veriniz.<br \/>\n-H\u00fcnnap Fidan\u0131 Sulamas\u0131:Fazla sulama k\u00f6k \u00e7\u00fcr\u00fckl\u00fc\u011f\u00fcne sebebiyet vermektedir.Bu y\u00fczden sulaman\u0131za dikkat ediniz.K\u0131\u015f\u0131n fidanlar a\u00e7\u0131k mekanda ise genelde su istemez.Yazla beraber ortalama 15 g\u00fcnde bir sulaman\u0131z yeterli olacakt\u0131r.<\/div>\n","protected":false},"excerpt":{"rendered":"<div>H\u00fcnnap Fidan<\/div>\n<div>Cehrigiller familyas\u0131na ait bir \u00fcr\u00fcn \u00e7e\u015fididir.\u0130lkbahar gelmesiyle birlikte sapsar\u0131 \u00e7i\u00e7ek a\u00e7ar.Erik b\u00fcy\u00fckl\u00fc\u011f\u00fcnde olup, d\u0131\u015f g\u00f6r\u00fcn\u00fc\u015f\u00fc ile olgunla\u015ft\u0131ktan sonra i\u011fde rengine b\u00fcr\u00fcn\u00fcr. \u00dclkelerde bu \u00fcr\u00fcn \u00e7ok fazla t\u00fcketilmektedir. Fazla zaman kaybetmeden bu \u00fcr\u00fcn bah\u00e7enizdeki en g\u00fczel yeri almas\u0131n\u0131 tavsiye ederiz.<\/div>\n<div><\/div>\n","protected":false},"featured_media":249,"comment_status":"open","ping_status":"closed","template":"","meta":[],"_links":{"self":[{"href":"http:\/\/yalovaorganik.com\/index.php\/wp-json\/wp\/v2\/product\/18"}],"collection":[{"href":"http:\/\/yalovaorganik.com\/index.php\/wp-json\/wp\/v2\/product"}],"about":[{"href":"http:\/\/yalovaorganik.com\/index.php\/wp-json\/wp\/v2\/types\/product"}],"replies":[{"embeddable":true,"href":"http:\/\/yalovaorganik.com\/index.php\/wp-json\/wp\/v2\/comments?post=18"}],"wp:featuredmedia":[{"embeddable":true,"href":"http:\/\/yalovaorganik.com\/index.php\/wp-json\/wp\/v2\/media\/249"}],"wp:attachment":[{"href":"http:\/\/yalovaorganik.com\/index.php\/wp-json\/wp\/v2\/media?parent=18"}],"curies":[{"name":"wp","href":"https:\/\/api.w.org\/{rel}","templated":true}]}}