{"id":13,"date":"2019-04-18T11:08:42","date_gmt":"2019-04-18T11:08:42","guid":{"rendered":"https:\/\/envothemes.com\/envo-ecommerce\/product\/import-placeholder-for-39\/"},"modified":"2020-02-17T16:07:53","modified_gmt":"2020-02-17T16:07:53","slug":"fernor","status":"publish","type":"product","link":"http:\/\/yalovaorganik.com\/index.php\/urun\/fernor\/","title":{"rendered":"FERNOR T\u00dcPL\u00dc CEV\u0130Z F\u0130DAN"},"content":{"rendered":"<p>CEV\u0130Z F\u0130DANI<\/p>\n<p>Fernor Ceviz Fidan\u0131 \u00d6zellikleri<\/p>\n<p>\u00c7ok Verimli Bir \u00c7e\u015fittir.<\/p>\n<p>En B\u00fcy\u00fck \u00d6zelli\u011fi \u0130lk Y\u0131l Daha Meyve Yapmaya Ba\u015flar.<\/p>\n<p>Fransa da ve Avrupa&#8217;da en \u00e7ok\u00a0 dikilen ceviz \u00e7e\u015fididir.<\/p>\n<p>\u0130\u00e7 ceviz kalitesi \u00e7ok m\u00fckemmeldir.<\/p>\n<p>Son y\u0131llarda \u00dclkemizde de Karasal iklime sahip B\u00f6lgelerde En \u00c7ok Ter\u00e7ih Edilen Ceviz \u00c7e\u015fididir.<\/p>\n<p>\u00dclkemiz topraklar\u0131nda gelecek vaad eden en \u00f6nemli ceviz \u00c7e\u015fidi de diyebiliriz.<\/p>\n<p>Antraktoz ve kara leke gibi hastal\u0131klara \u00e7ok dayan\u0131kl\u0131d\u0131r.<\/p>\n<p>Fernor \u00e7e\u015fidinin yan dal verimi \u00e7ok y\u00fcksek oldu\u011fu i\u00e7in \u00e7it \u015feklinde dikime elveri\u015flidir.<\/p>\n<p>Fernor cevizi Frans\u0131z men\u015feeli olup, y\u00fcksek rak\u0131ml\u0131 b\u00f6lgelerimize dikimi yap\u0131labilen 1800 Rak\u0131ma Kadar Uygun so\u011fuk iklim Cevizidir.<\/p>\n<p>Fernor \u00e7e\u015fidinin en b\u00fcy\u00fck \u00f6zelli\u011fi \u00e7ok ge\u00e7 uyan\u0131p erken hasat edilmesi ve yapraklar\u0131n\u0131 erken d\u00f6kmesidir.<\/p>\n<p>Meyvenin olgunla\u015fma s\u00fcresi k\u0131sa oldu\u011fun i\u00e7in k\u0131\u015flar\u0131 sert ge\u00e7en karasal iklim ko\u015fullar\u0131 i\u00e7in ideal bir \u00e7e\u015fittir.<\/p>\n<p>\u0130yi bak\u0131lm\u0131\u015f Bir Fernor Ceviz A\u011fac\u0131 5 &#8211; 6 Ya\u015flar\u0131nda 20 ile 25 k\u011f Meyve Yapar.<\/p>\n<p>&nbsp;<\/p>\n","protected":false},"excerpt":{"rendered":"<p>Fernor Ceviz Fidan\u0131 \u00d6zellikleri<\/p>\n<p>1000-1100 metre rak\u0131ma kadar dikim yap\u0131labilir.<br \/>\nY\u00fcksek rak\u0131ml\u0131 b\u00f6lgelerde olu\u015fabilecek ilkbahar ve \u00a0sonbahar dolar\u0131ndan zarar g\u00f6rmez.<br \/>\nSo\u011fu\u011fa dayan\u0131kl\u0131 bir ceviz \u00e7e\u015fididir.<br \/>\nMeyvesi kabuktan kolay ayr\u0131l\u0131r ve lezzetlidir.<\/p>\n","protected":false},"featured_media":259,"comment_status":"open","ping_status":"closed","template":"","meta":[],"_links":{"self":[{"href":"http:\/\/yalovaorganik.com\/index.php\/wp-json\/wp\/v2\/product\/13"}],"collection":[{"href":"http:\/\/yalovaorganik.com\/index.php\/wp-json\/wp\/v2\/product"}],"about":[{"href":"http:\/\/yalovaorganik.com\/index.php\/wp-json\/wp\/v2\/types\/product"}],"replies":[{"embeddable":true,"href":"http:\/\/yalovaorganik.com\/index.php\/wp-json\/wp\/v2\/comments?post=13"}],"wp:featuredmedia":[{"embeddable":true,"href":"http:\/\/yalovaorganik.com\/index.php\/wp-json\/wp\/v2\/media\/259"}],"wp:attachment":[{"href":"http:\/\/yalovaorganik.com\/index.php\/wp-json\/wp\/v2\/media?parent=13"}],"curies":[{"name":"wp","href":"https:\/\/api.w.org\/{rel}","templated":true}]}}